{"id":138,"date":"2024-03-27T23:35:28","date_gmt":"2024-03-27T22:35:28","guid":{"rendered":"https:\/\/spielhaus-bauplan.de\/?page_id=138"},"modified":"2026-04-22T20:26:59","modified_gmt":"2026-04-22T18:26:59","slug":"home-2","status":"publish","type":"page","link":"https:\/\/spielhaus-bauplan.de\/","title":{"rendered":"Home"},"content":{"rendered":"\n<p class=\"has-text-color has-link-color has-medium-font-size wp-elements-e938e614cab8a71e1ca318ec1c56ed93\" style=\"color:#00d10a\">Herzlich willkommen auf&nbsp; <strong>www.spielhaus-bauplan.de<\/strong><\/p>\n\n\n\n<p>Sie wollen ein&nbsp;<strong>Spielhaus<\/strong>&nbsp;bzw.&nbsp;<strong>Stelzenhaus<\/strong>&nbsp; f\u00fcr Ihre Kinder oder Enkel selbst bauen, sind aber am Einheitsbrei&nbsp; der Baum\u00e4rkte nicht interessiert? Dann sind sie hier genau richtig. Unser&nbsp;Bauplan&nbsp;bringt sie ans Ziel!<\/p>\n\n\n\n<p class=\"has-large-font-size\"><strong>TOBEN &nbsp;&#8211;&nbsp; SPIELEN  &#8211;  ENTDECKEN<\/strong><\/p>\n\n\n\n<p>&#8230;das ist unser Anspruch an jedes einzelne Spielhaus.&nbsp; Dabei geh\u00f6ren verschiedenste Spielm\u00f6glichkeiten genauso dazu, wie&nbsp; Qual t\u00e4t der einzelnen&nbsp; Elemente und eine ausgefallene und extravagante Optik!<\/p>\n\n\n\n<p>Au\u00dferdem&nbsp;legen wir bei unseren&nbsp;<strong>Bauanleitungen<\/strong>&nbsp;besonders gro\u00dfen Wert auf eine ausf\u00fchrliche Erkl\u00e4rung jedes einzelnen Arbeitsschrittes.<\/p>\n\n\n\n<p>Das Ergebnis ist eine einmalige und wirklich ausf\u00fchrlichste Anleitung zum Bau eines einmaligen Spielhauses.&nbsp; <\/p>\n\n\n\n<p class=\"has-large-font-size\"><\/p>\n\n\n\n<p class=\"has-medium-font-size\">Thomas Fr\u00f6lich<\/p>\n\n\n\n<p><\/p>\n\n\n\n<p><\/p>\n\n\n\n<p class=\"has-medium-font-size\"><strong><em>Suchst du unsere 3D-Druck-Seite? Hier entlang&#8230;<\/em><\/strong><\/p>\n\n\n\n<figure class=\"wp-block-image size-large is-resized\"><a href=\"https:\/\/www.3d-druck-erzgebirge.de\"><img loading=\"lazy\" decoding=\"async\" width=\"1024\" height=\"366\" src=\"https:\/\/spielhaus-bauplan.de\/wp-content\/uploads\/2026\/04\/Logo-1024x366.png\" alt=\"\" class=\"wp-image-604\" style=\"aspect-ratio:2.7980484071558402;width:455px;height:auto\" srcset=\"https:\/\/spielhaus-bauplan.de\/wp-content\/uploads\/2026\/04\/Logo-1024x366.png 1024w, https:\/\/spielhaus-bauplan.de\/wp-content\/uploads\/2026\/04\/Logo-300x107.png 300w, https:\/\/spielhaus-bauplan.de\/wp-content\/uploads\/2026\/04\/Logo-768x274.png 768w, https:\/\/spielhaus-bauplan.de\/wp-content\/uploads\/2026\/04\/Logo-1536x549.png 1536w, https:\/\/spielhaus-bauplan.de\/wp-content\/uploads\/2026\/04\/Logo-2048x731.png 2048w, https:\/\/spielhaus-bauplan.de\/wp-content\/uploads\/2026\/04\/Logo-600x214.png 600w\" sizes=\"auto, (max-width: 1024px) 100vw, 1024px\" \/><\/a><\/figure>\n","protected":false},"excerpt":{"rendered":"<p>Herzlich willkommen auf&nbsp; www.spielhaus-bauplan.de Sie wollen ein&nbsp;Spielhaus&nbsp;bzw.&nbsp;Stelzenhaus&nbsp; f\u00fcr Ihre Kinder oder Enkel selbst bauen, sind aber am Einheitsbrei&nbsp; der Baum\u00e4rkte nicht interessiert? Dann sind sie hier genau richtig. Unser&nbsp;Bauplan&nbsp;bringt sie ans Ziel! TOBEN &nbsp;&#8211;&nbsp; SPIELEN &#8211; ENTDECKEN &#8230;das ist unser Anspruch an jedes einzelne Spielhaus.&nbsp; Dabei geh\u00f6ren verschiedenste Spielm\u00f6glichkeiten genauso dazu, wie&nbsp; Qual t\u00e4t der [&hellip;]<\/p>\n","protected":false},"author":1,"featured_media":171,"parent":0,"menu_order":0,"comment_status":"closed","ping_status":"closed","template":"","meta":{"footnotes":""},"class_list":["post-138","page","type-page","status-publish","has-post-thumbnail","hentry"],"_links":{"self":[{"href":"https:\/\/spielhaus-bauplan.de\/index.php?rest_route=\/wp\/v2\/pages\/138","targetHints":{"allow":["GET"]}}],"collection":[{"href":"https:\/\/spielhaus-bauplan.de\/index.php?rest_route=\/wp\/v2\/pages"}],"about":[{"href":"https:\/\/spielhaus-bauplan.de\/index.php?rest_route=\/wp\/v2\/types\/page"}],"author":[{"embeddable":true,"href":"https:\/\/spielhaus-bauplan.de\/index.php?rest_route=\/wp\/v2\/users\/1"}],"replies":[{"embeddable":true,"href":"https:\/\/spielhaus-bauplan.de\/index.php?rest_route=%2Fwp%2Fv2%2Fcomments&post=138"}],"version-history":[{"count":10,"href":"https:\/\/spielhaus-bauplan.de\/index.php?rest_route=\/wp\/v2\/pages\/138\/revisions"}],"predecessor-version":[{"id":607,"href":"https:\/\/spielhaus-bauplan.de\/index.php?rest_route=\/wp\/v2\/pages\/138\/revisions\/607"}],"wp:featuredmedia":[{"embeddable":true,"href":"https:\/\/spielhaus-bauplan.de\/index.php?rest_route=\/wp\/v2\/media\/171"}],"wp:attachment":[{"href":"https:\/\/spielhaus-bauplan.de\/index.php?rest_route=%2Fwp%2Fv2%2Fmedia&parent=138"}],"curies":[{"name":"wp","href":"https:\/\/api.w.org\/{rel}","templated":true}]}}