{"id":281,"date":"2024-03-29T07:04:16","date_gmt":"2024-03-29T06:04:16","guid":{"rendered":"https:\/\/spielhaus-bauplan.de\/?page_id=281"},"modified":"2024-04-05T09:12:31","modified_gmt":"2024-04-05T07:12:31","slug":"kundenbewertungen","status":"publish","type":"page","link":"https:\/\/spielhaus-bauplan.de\/?page_id=281","title":{"rendered":"Kundenbewertungen"},"content":{"rendered":"\n<p><em><strong><u>Kundenmeinungen zur Bauanleitung:<\/u><\/strong><\/em><\/p>\n\n\n\n<p>&#8222;Positiv und vier Sterne. Diese Bewertung gebe ich gerne. &#8222;<\/p>\n\n\n\n<p>&#8222;schnelle Lieferung! Super Unterlagen! TOP!!! gerne wieder&#8220;<\/p>\n\n\n\n<p>&#8222;Freundlicher Kontakt &#8211; schnelle Lieferung &#8211; reibungsloser Ablauf! Top Verk\u00e4ufer&#8220;<\/p>\n\n\n\n<p>&#8222;Super Anleitung!!! Super Ebayer!! Danke&#8220;<\/p>\n\n\n\n<p>&#8222;Alles gut beschrieben und erkl\u00e4rt.&#8220;<\/p>\n\n\n\n<p>&#8222;Einfach super, alles top, perfekter Bauplan professionell und umwerfend sch\u00f6n!!!&#8220;<\/p>\n\n\n\n<p><a href=\"https:\/\/www.webwiki.de\/spielhaus-bauplan.de\"><\/a><\/p>\n\n\n\n<p><a href=\"https:\/\/www.webwiki.de\/spielhaus-bauplan.de\"><\/a><a href=\"https:\/\/www.webwiki.de\/spielhaus-bauplan.de\"><\/a><\/p>\n\n\n\n<div class=\"wp-block-group is-nowrap is-layout-flex wp-container-core-group-is-layout-ad2f72ca wp-block-group-is-layout-flex\"><p><a title=\"Bewertungen und Erfahrungen zu spielhaus-bauplan.de\" href=\"https:\/\/www.webwiki.de\/spielhaus-bauplan.de\"><img decoding=\"async\" src=\"https:\/\/www.webwiki.de\/etc\/rating\/widget\/1166689183\/spielhaus-bauplan-de-bewertung-full-180.png\" alt=\"Bewertungen zu spielhaus-bauplan.de\" \/><\/a><\/p>\n\n\n\n<div class=\"wp-block-columns is-layout-flex wp-container-core-columns-is-layout-9d6595d7 wp-block-columns-is-layout-flex\">\n<div class=\"wp-block-column is-layout-flow wp-block-column-is-layout-flow\" style=\"flex-basis:100%\"><p><a href=\"https:\/\/www.salessurvey.de\/Seller\/www_spielhaus-bauplan_de\/\" title=\"Auktionen und Bewertungen von www_spielhaus-bauplan_de\" target=\"_blank\" rel=\"noopener\"><img decoding=\"async\" src=\"https:\/\/www.salessurvey.de\/Image\/8\/w215\/www_spielhaus-bauplan_de\" border=\"0\" alt=\"Auktionen und Bewertungen von www_spielhaus-bauplan_de\"><\/a><\/p>\n<\/div>\n<\/div>\n<\/div>\n","protected":false},"excerpt":{"rendered":"<p>Kundenmeinungen zur Bauanleitung: &#8222;Positiv und vier Sterne. Diese Bewertung gebe ich gerne. &#8222; &#8222;schnelle Lieferung! Super Unterlagen! TOP!!! gerne wieder&#8220; &#8222;Freundlicher Kontakt &#8211; schnelle Lieferung &#8211; reibungsloser Ablauf! Top Verk\u00e4ufer&#8220; &#8222;Super Anleitung!!! Super Ebayer!! Danke&#8220; &#8222;Alles gut beschrieben und erkl\u00e4rt.&#8220; &#8222;Einfach super, alles top, perfekter Bauplan professionell und umwerfend sch\u00f6n!!!&#8220;<\/p>\n","protected":false},"author":1,"featured_media":0,"parent":0,"menu_order":0,"comment_status":"closed","ping_status":"closed","template":"","meta":{"footnotes":""},"class_list":["post-281","page","type-page","status-publish","hentry"],"_links":{"self":[{"href":"https:\/\/spielhaus-bauplan.de\/index.php?rest_route=\/wp\/v2\/pages\/281","targetHints":{"allow":["GET"]}}],"collection":[{"href":"https:\/\/spielhaus-bauplan.de\/index.php?rest_route=\/wp\/v2\/pages"}],"about":[{"href":"https:\/\/spielhaus-bauplan.de\/index.php?rest_route=\/wp\/v2\/types\/page"}],"author":[{"embeddable":true,"href":"https:\/\/spielhaus-bauplan.de\/index.php?rest_route=\/wp\/v2\/users\/1"}],"replies":[{"embeddable":true,"href":"https:\/\/spielhaus-bauplan.de\/index.php?rest_route=%2Fwp%2Fv2%2Fcomments&post=281"}],"version-history":[{"count":8,"href":"https:\/\/spielhaus-bauplan.de\/index.php?rest_route=\/wp\/v2\/pages\/281\/revisions"}],"predecessor-version":[{"id":408,"href":"https:\/\/spielhaus-bauplan.de\/index.php?rest_route=\/wp\/v2\/pages\/281\/revisions\/408"}],"wp:attachment":[{"href":"https:\/\/spielhaus-bauplan.de\/index.php?rest_route=%2Fwp%2Fv2%2Fmedia&parent=281"}],"curies":[{"name":"wp","href":"https:\/\/api.w.org\/{rel}","templated":true}]}}