{"id":288,"date":"2024-03-29T07:09:25","date_gmt":"2024-03-29T06:09:25","guid":{"rendered":"https:\/\/spielhaus-bauplan.de\/?page_id=288"},"modified":"2024-03-29T07:48:02","modified_gmt":"2024-03-29T06:48:02","slug":"zahlung-und-versand","status":"publish","type":"page","link":"https:\/\/spielhaus-bauplan.de\/?page_id=288","title":{"rendered":"Zahlung und Versand"},"content":{"rendered":"\n<h1 class=\"wp-block-heading\">Zahlung<\/h1>\n\n\n<div class=\"wp-block-image\">\n<figure class=\"alignleft size-full is-resized\"><img loading=\"lazy\" decoding=\"async\" width=\"512\" height=\"366\" src=\"http:\/\/spielhaus-bauplan.de\/wp-content\/uploads\/2024\/03\/paypal-alternative2.png\" alt=\"\" class=\"wp-image-294\" style=\"width:218px;height:auto\" srcset=\"https:\/\/spielhaus-bauplan.de\/wp-content\/uploads\/2024\/03\/paypal-alternative2.png 512w, https:\/\/spielhaus-bauplan.de\/wp-content\/uploads\/2024\/03\/paypal-alternative2-300x214.png 300w\" sizes=\"auto, (max-width: 512px) 100vw, 512px\" \/><\/figure>\n<\/div>\n\n\n<div class=\"wp-block-columns is-layout-flex wp-container-core-columns-is-layout-9d6595d7 wp-block-columns-is-layout-flex\">\n<div class=\"wp-block-column is-layout-flow wp-block-column-is-layout-flow\" style=\"flex-basis:100%\">\n<p>Sie haben ein Paypal-Konto und m\u00f6chten dieses zur Zahlung benutzen? Kein Problem! Klicken sie dazu einfach auf den entsprechenden &#8222;Jetzt kaufen&#8220;-Button und Sie werden zur Abwicklung auf die PayPal-Seite umgeleitet. Die anfallenden PayPal-Geb\u00fchren werden selbstverst\u00e4ndlich durch uns getragen. <strong>Wichtig:<\/strong> Achten sie darauf, dass die hinterlegte Anschrift aktuell ist. <\/p>\n<\/div>\n<\/div>\n\n\n\n<p><\/p>\n\n\n<div class=\"wp-block-image\">\n<figure class=\"alignleft size-full is-resized\"><img loading=\"lazy\" decoding=\"async\" width=\"512\" height=\"366\" src=\"http:\/\/spielhaus-bauplan.de\/wp-content\/uploads\/2024\/03\/payment-in-advance.png\" alt=\"\" class=\"wp-image-292\" style=\"width:208px;height:auto\" srcset=\"https:\/\/spielhaus-bauplan.de\/wp-content\/uploads\/2024\/03\/payment-in-advance.png 512w, https:\/\/spielhaus-bauplan.de\/wp-content\/uploads\/2024\/03\/payment-in-advance-300x214.png 300w\" sizes=\"auto, (max-width: 512px) 100vw, 512px\" \/><\/figure>\n<\/div>\n\n\n<div class=\"wp-block-columns is-layout-flex wp-container-core-columns-is-layout-9d6595d7 wp-block-columns-is-layout-flex\">\n<div class=\"wp-block-column is-layout-flow wp-block-column-is-layout-flow\" style=\"flex-basis:100%\">\n<p>Nach dem Bestellprozess werden Ihnen die Bankdaten angezeigt. Au\u00dferdem erhalten sie eine Bestellbest\u00e4tigung an Ihre Emailadresse, welche ebenfalls die Bankdaten enth\u00e4lt. geben sie die Bestellnummer als Verwendungszweck an. \u00dcberweisen sie den Gesamtbetrag binnen 7 Tagen auf das angegebene Konto. Unmittelbar nach Zahlungseingang wird die Bauanleitung an Sie versendet. Achten sie darauf, dass sie bei der Eingabe der \u00dcberweisungsdaten keine Tippfehler haben. Eine \u00dcberweisung innerhalb Deutschlands dauert in der Regel einen Werktag. Internationale \u00dcberweisung k\u00f6nnen dagegen bis zu 3 Werktage in Anspruch nehmen.<\/p>\n<\/div>\n<\/div>\n\n\n\n<p><\/p>\n\n\n<div class=\"wp-block-image\">\n<figure class=\"alignleft size-full is-resized\"><img loading=\"lazy\" decoding=\"async\" width=\"512\" height=\"366\" src=\"http:\/\/spielhaus-bauplan.de\/wp-content\/uploads\/2024\/03\/cash-on-pickup.png\" alt=\"\" class=\"wp-image-291\" style=\"width:209px;height:auto\" srcset=\"https:\/\/spielhaus-bauplan.de\/wp-content\/uploads\/2024\/03\/cash-on-pickup.png 512w, https:\/\/spielhaus-bauplan.de\/wp-content\/uploads\/2024\/03\/cash-on-pickup-300x214.png 300w\" sizes=\"auto, (max-width: 512px) 100vw, 512px\" \/><\/figure>\n<\/div>\n\n\n<div class=\"wp-block-columns is-layout-flex wp-container-core-columns-is-layout-9d6595d7 wp-block-columns-is-layout-flex\">\n<div class=\"wp-block-column is-layout-flow wp-block-column-is-layout-flow\" style=\"flex-basis:100%\">\n<p>Als weitere Option k\u00f6nnen Sie die Anleitung an unserer Firmenanschrift auch abholen.\u00a0 Dazu zahlen sie dann in bar bei \u00dcbergabe.\u00a0 Bitte\u00a0 vereinbaren sie vorher\u00a0 einen Termin mit uns. Das k\u00f6nnen sie per Email, SMS , WhatsApp oder Telefon tun. Nutzen sie dazu die\u00a0 im Impressum angegebenen Kontaktinformationen.<strong> Wichtig: Bitte nicht ohne vorherigen Termin<\/strong>, da wir nebenbei berufst\u00e4tig sind.<\/p>\n<\/div>\n<\/div>\n\n\n\n<p><\/p>\n\n\n\n<h1 class=\"wp-block-heading\">Versand<\/h1>\n\n\n\n<p><\/p>\n\n\n<div class=\"wp-block-image\">\n<figure class=\"alignleft size-full is-resized\"><img loading=\"lazy\" decoding=\"async\" width=\"512\" height=\"366\" src=\"https:\/\/spielhaus-bauplan.de\/wp-content\/uploads\/2024\/03\/post-germany.png\" alt=\"\" class=\"wp-image-298\" style=\"width:203px;height:auto\" srcset=\"https:\/\/spielhaus-bauplan.de\/wp-content\/uploads\/2024\/03\/post-germany.png 512w, https:\/\/spielhaus-bauplan.de\/wp-content\/uploads\/2024\/03\/post-germany-300x214.png 300w\" sizes=\"auto, (max-width: 512px) 100vw, 512px\" \/><\/figure>\n<\/div>\n\n\n<div class=\"wp-block-columns is-layout-flex wp-container-core-columns-is-layout-9d6595d7 wp-block-columns-is-layout-flex\">\n<div class=\"wp-block-column is-layout-flow wp-block-column-is-layout-flow\" style=\"flex-basis:100%\">\n<p>Wir versenden ausschlie\u00dflich mit der&nbsp; Deutschen Post AG bzw. DHL, da diese die k\u00fcrzesten Laufzeiten f\u00fcr Briefe&nbsp;und Pakete haben. Wir versenden unsere Baupl\u00e4ne <strong>deutschlandweit kostenlos<\/strong>. F\u00fcr internationalen Versand fallen pauschal 8\u20ac Versandkosten an.<\/p>\n<\/div>\n<\/div>\n","protected":false},"excerpt":{"rendered":"<p>Zahlung Sie haben ein Paypal-Konto und m\u00f6chten dieses zur Zahlung benutzen? Kein Problem! Klicken sie dazu einfach auf den entsprechenden &#8222;Jetzt kaufen&#8220;-Button und Sie werden zur Abwicklung auf die PayPal-Seite umgeleitet. Die anfallenden PayPal-Geb\u00fchren werden selbstverst\u00e4ndlich durch uns getragen. Wichtig: Achten sie darauf, dass die hinterlegte Anschrift aktuell ist. Nach dem Bestellprozess werden Ihnen die [&hellip;]<\/p>\n","protected":false},"author":1,"featured_media":0,"parent":0,"menu_order":0,"comment_status":"closed","ping_status":"closed","template":"","meta":{"footnotes":""},"class_list":["post-288","page","type-page","status-publish","hentry"],"_links":{"self":[{"href":"https:\/\/spielhaus-bauplan.de\/index.php?rest_route=\/wp\/v2\/pages\/288","targetHints":{"allow":["GET"]}}],"collection":[{"href":"https:\/\/spielhaus-bauplan.de\/index.php?rest_route=\/wp\/v2\/pages"}],"about":[{"href":"https:\/\/spielhaus-bauplan.de\/index.php?rest_route=\/wp\/v2\/types\/page"}],"author":[{"embeddable":true,"href":"https:\/\/spielhaus-bauplan.de\/index.php?rest_route=\/wp\/v2\/users\/1"}],"replies":[{"embeddable":true,"href":"https:\/\/spielhaus-bauplan.de\/index.php?rest_route=%2Fwp%2Fv2%2Fcomments&post=288"}],"version-history":[{"count":10,"href":"https:\/\/spielhaus-bauplan.de\/index.php?rest_route=\/wp\/v2\/pages\/288\/revisions"}],"predecessor-version":[{"id":320,"href":"https:\/\/spielhaus-bauplan.de\/index.php?rest_route=\/wp\/v2\/pages\/288\/revisions\/320"}],"wp:attachment":[{"href":"https:\/\/spielhaus-bauplan.de\/index.php?rest_route=%2Fwp%2Fv2%2Fmedia&parent=288"}],"curies":[{"name":"wp","href":"https:\/\/api.w.org\/{rel}","templated":true}]}}