{"id":324,"date":"2024-03-29T07:54:11","date_gmt":"2024-03-29T06:54:11","guid":{"rendered":"https:\/\/spielhaus-bauplan.de\/?page_id=324"},"modified":"2024-03-29T07:55:30","modified_gmt":"2024-03-29T06:55:30","slug":"haftungsausschluss","status":"publish","type":"page","link":"https:\/\/spielhaus-bauplan.de\/?page_id=324","title":{"rendered":"Haftungsausschluss"},"content":{"rendered":"\n<p>Alle auf www.spielhaus-bauplan.de angebotenen Artikel (Baupl\u00e4ne etc.) sind\u00a0 aus eigenen Erfahrungswerten, gr\u00fcndlichen Recherchen und ausf\u00fchrlicher Dokumentation entstanden. Weder Verfasser\/Autor noch Verleger\/Drucksetzer haben schlussendlich einen unmittelbaren Einfluss auf die G\u00fcte des nach dieser Anleitung gebauten Spielhauses und k\u00f6nnen deshalb keinerlei Haftung im\u00a0 Fall von Unf\u00e4llen, Verletzungen oder Sch\u00e4den aller Art \u00fcbernehmen.<\/p>\n\n\n\n<p>&#8211;<\/p>\n\n\n\n<p><strong><mark style=\"background-color:rgba(0, 0, 0, 0)\" class=\"has-inline-color has-vivid-red-color\">Aus diesem Grund geschieht der Bau sowie die Nutzung des Spielhauses auf eigene Gefahr.<\/mark> <\/strong>Auch f\u00fcr eventuelle Fehler, welcher in der Bauanleitung enthalten sind, kann weder Autor noch Verleger haftbar gemacht werden.<\/p>\n\n\n\n<p>&#8211;<\/p>\n\n\n\n<p>Auch kann durch den Autor\/Verleger in keinster Weise Gew\u00e4hrleistung\u00a0 f\u00fcr die vom Endkunden f\u00fcr den Bau des Spielhauses ausgew\u00e4hlten Materialien \u00fcbernommen werden.<\/p>\n\n\n\n<p><\/p>\n","protected":false},"excerpt":{"rendered":"<p>Alle auf www.spielhaus-bauplan.de angebotenen Artikel (Baupl\u00e4ne etc.) sind\u00a0 aus eigenen Erfahrungswerten, gr\u00fcndlichen Recherchen und ausf\u00fchrlicher Dokumentation entstanden. Weder Verfasser\/Autor noch Verleger\/Drucksetzer haben schlussendlich einen unmittelbaren Einfluss auf die G\u00fcte des nach dieser Anleitung gebauten Spielhauses und k\u00f6nnen deshalb keinerlei Haftung im\u00a0 Fall von Unf\u00e4llen, Verletzungen oder Sch\u00e4den aller Art \u00fcbernehmen. &#8211; Aus diesem Grund geschieht [&hellip;]<\/p>\n","protected":false},"author":1,"featured_media":0,"parent":0,"menu_order":0,"comment_status":"closed","ping_status":"closed","template":"","meta":{"footnotes":""},"class_list":["post-324","page","type-page","status-publish","hentry"],"_links":{"self":[{"href":"https:\/\/spielhaus-bauplan.de\/index.php?rest_route=\/wp\/v2\/pages\/324","targetHints":{"allow":["GET"]}}],"collection":[{"href":"https:\/\/spielhaus-bauplan.de\/index.php?rest_route=\/wp\/v2\/pages"}],"about":[{"href":"https:\/\/spielhaus-bauplan.de\/index.php?rest_route=\/wp\/v2\/types\/page"}],"author":[{"embeddable":true,"href":"https:\/\/spielhaus-bauplan.de\/index.php?rest_route=\/wp\/v2\/users\/1"}],"replies":[{"embeddable":true,"href":"https:\/\/spielhaus-bauplan.de\/index.php?rest_route=%2Fwp%2Fv2%2Fcomments&post=324"}],"version-history":[{"count":2,"href":"https:\/\/spielhaus-bauplan.de\/index.php?rest_route=\/wp\/v2\/pages\/324\/revisions"}],"predecessor-version":[{"id":327,"href":"https:\/\/spielhaus-bauplan.de\/index.php?rest_route=\/wp\/v2\/pages\/324\/revisions\/327"}],"wp:attachment":[{"href":"https:\/\/spielhaus-bauplan.de\/index.php?rest_route=%2Fwp%2Fv2%2Fmedia&parent=324"}],"curies":[{"name":"wp","href":"https:\/\/api.w.org\/{rel}","templated":true}]}}