{"id":348,"date":"2024-03-31T07:24:33","date_gmt":"2024-03-31T05:24:33","guid":{"rendered":"https:\/\/spielhaus-bauplan.de\/?page_id=348"},"modified":"2024-06-17T14:24:24","modified_gmt":"2024-06-17T12:24:24","slug":"spielhauszubehoer","status":"publish","type":"page","link":"https:\/\/spielhaus-bauplan.de\/?page_id=348","title":{"rendered":"Spielhauszubeh\u00f6r"},"content":{"rendered":"\n<p>Um Ihnen die Suche nach dem Zubeh\u00f6r f\u00fcr Ihr Spielhaus zu erleichtern, finden Sie hier Artikel und Zubeh\u00f6r rund um das Thema &#8222;Spielhaus&#8220;. Somit haben Sie eine kleine Auswahl, und m\u00fcssen sich nicht lange mit der Suche besch\u00e4ftigen. <\/p>\n\n\n\n<p><em>Die nachfolgenden Links sind sogenannte Affiliate-Links. Wenn Sie auf so einen Affiliate-Link klicken und \u00fcber diesen Link einkaufen, bekommen wir von dem betreffenden Online-Shop oder Anbieter eine Provision. F\u00fcr dich ver\u00e4ndert sich der Preis nicht.<\/em> <\/p>\n\n\n\n<p>Vielen Dank f\u00fcr Ihre Unterst\u00fctzung.<\/p>\n\n\n\n<div class=\"wp-block-media-text has-media-on-the-right is-stacked-on-mobile\" style=\"grid-template-columns:auto 54%\"><div class=\"wp-block-media-text__content\">\n<p class=\"has-text-align-left\"><strong><a href=\"https:\/\/www.amazon.de\/s?k=wellenrutsche&amp;__mk_de_DE=%C3%85M%C3%85%C5%BD%C3%95%C3%91&amp;linkCode=ll2&amp;tag=spielhausb07b-21&amp;linkId=eb6494a46421efda3826034a92a5ccec&amp;language=de_DE&amp;ref_=as_li_ss_tl\">Wellenrutschen<\/a><\/strong><\/p>\n<\/div><figure class=\"wp-block-media-text__media\"><img decoding=\"async\" src=\"https:\/\/spielhaus-bauplan.de\/wp-content\/uploads\/2024\/05\/Rutsche-1024x722.png\" alt=\"\" class=\"wp-image-466 size-full\"\/><\/figure><\/div>\n\n\n\n<hr class=\"wp-block-separator has-alpha-channel-opacity\"\/>\n\n\n\n<div class=\"wp-block-media-text has-media-on-the-right is-stacked-on-mobile\" style=\"grid-template-columns:auto 54%\"><div class=\"wp-block-media-text__content\">\n<p class=\"has-text-align-left\"><a href=\"https:\/\/www.amazon.de\/s?k=haltegrife+spielhaus&amp;__mk_de_DE=%C3%85M%C3%85%C5%BD%C3%95%C3%91&amp;crid=236J60VUA8LWA&amp;sprefix=haltegrife+spielhaus%2Caps%2C98&amp;linkCode=ll2&amp;tag=spielhausb07b-21&amp;linkId=79f65c05c4c7b2ff1b9e94f02135eb1f&amp;language=de_DE&amp;ref_=as_li_ss_tl\"><strong>Haltegriffe<\/strong><\/a><\/p>\n<\/div><figure class=\"wp-block-media-text__media\"><img decoding=\"async\" src=\"https:\/\/spielhaus-bauplan.de\/wp-content\/uploads\/2024\/05\/Griffe-1024x788.png\" alt=\"\" class=\"wp-image-469 size-full\"\/><\/figure><\/div>\n\n\n\n<hr class=\"wp-block-separator has-alpha-channel-opacity\"\/>\n\n\n\n<div class=\"wp-block-media-text has-media-on-the-right is-stacked-on-mobile\" style=\"grid-template-columns:auto 54%\"><div class=\"wp-block-media-text__content\">\n<p><a href=\"https:\/\/www.amazon.de\/s?k=Klettergriffe&amp;__mk_de_DE=%C3%85M%C3%85%C5%BD%C3%95%C3%91&amp;crid=5E3L2BAABLJS&amp;sprefix=klettergriffe%2Caps%2C103&amp;linkCode=ll2&amp;tag=spielhausb07b-21&amp;linkId=9d0fd7b2beec4c29f150f377d994ce37&amp;language=de_DE&amp;ref_=as_li_ss_tl\"><strong>Klettergriffe<\/strong><\/a><\/p>\n<\/div><figure class=\"wp-block-media-text__media\"><img decoding=\"async\" src=\"https:\/\/spielhaus-bauplan.de\/wp-content\/uploads\/2024\/05\/Klettergriffe-1024x818.png\" alt=\"\" class=\"wp-image-474 size-full\"\/><\/figure><\/div>\n\n\n\n<hr class=\"wp-block-separator has-alpha-channel-opacity\"\/>\n\n\n\n<div class=\"wp-block-media-text has-media-on-the-right is-stacked-on-mobile\"><div class=\"wp-block-media-text__content\">\n<p><a href=\"https:\/\/www.amazon.de\/s?k=schaukelnetze&amp;__mk_de_DE=%C3%85M%C3%85%C5%BD%C3%95%C3%91&amp;crid=26WX6R8RP75DC&amp;sprefix=schaukelnetze%2Caps%2C95&amp;linkCode=ll2&amp;tag=spielhausb07b-21&amp;linkId=daa1900f09949bc69e2d351da7c32f9c&amp;language=de_DE&amp;ref_=as_li_ss_tl\"><strong>Schaukelnetze<\/strong><\/a><\/p>\n<\/div><figure class=\"wp-block-media-text__media\"><img decoding=\"async\" src=\"https:\/\/spielhaus-bauplan.de\/wp-content\/uploads\/2024\/05\/Schaukelnetz-1024x732.png\" alt=\"\" class=\"wp-image-476 size-full\"\/><\/figure><\/div>\n\n\n\n<hr class=\"wp-block-separator has-alpha-channel-opacity\"\/>\n\n\n\n<div class=\"wp-block-media-text has-media-on-the-right is-stacked-on-mobile\"><div class=\"wp-block-media-text__content\">\n<p><a href=\"https:\/\/www.amazon.de\/s?k=kletterseile&amp;__mk_de_DE=%C3%85M%C3%85%C5%BD%C3%95%C3%91&amp;crid=YL3SK3JXMVT0&amp;sprefix=kletterseile%2Caps%2C159&amp;linkCode=ll2&amp;tag=spielhausb07b-21&amp;linkId=8e82171acbacc13cfe7bd0e3a5c8853c&amp;language=de_DE&amp;ref_=as_li_ss_tl\"><strong>Kletterseile<\/strong><\/a><\/p>\n<\/div><figure class=\"wp-block-media-text__media\"><img decoding=\"async\" src=\"https:\/\/spielhaus-bauplan.de\/wp-content\/uploads\/2024\/05\/Kletterseile-1024x724.png\" alt=\"\" class=\"wp-image-479 size-full\"\/><\/figure><\/div>\n\n\n\n<hr class=\"wp-block-separator has-alpha-channel-opacity\"\/>\n\n\n\n<div class=\"wp-block-media-text has-media-on-the-right is-stacked-on-mobile\"><div class=\"wp-block-media-text__content\">\n<p><strong><a href=\"https:\/\/www.amazon.de\/s?k=schaukelteller&amp;__mk_de_DE=%C3%85M%C3%85%C5%BD%C3%95%C3%91&amp;crid=257QJ7B09QFD3&amp;sprefix=schaukelteller%2Caps%2C110&amp;linkCode=ll2&amp;tag=spielhausb07b-21&amp;linkId=89f67c1c444331e973072efed266d4b0&amp;language=de_DE&amp;ref_=as_li_ss_tl\">Schaukelteller<\/a><\/strong><\/p>\n<\/div><figure class=\"wp-block-media-text__media\"><img decoding=\"async\" src=\"https:\/\/spielhaus-bauplan.de\/wp-content\/uploads\/2024\/05\/Schaukelteller-1024x670.png\" alt=\"\" class=\"wp-image-480 size-full\"\/><\/figure><\/div>\n\n\n\n<hr class=\"wp-block-separator has-alpha-channel-opacity\"\/>\n\n\n\n<div class=\"wp-block-media-text has-media-on-the-right is-stacked-on-mobile\"><div class=\"wp-block-media-text__content\">\n<p><strong><a href=\"https:\/\/www.amazon.de\/s?k=inline+rollen&amp;__mk_de_DE=%C3%85M%C3%85%C5%BD%C3%95%C3%91&amp;crid=2EWV3MFU76OIN&amp;sprefix=inline+rollen%2Caps%2C94&amp;linkCode=ll2&amp;tag=spielhausb07b-21&amp;linkId=49203ef10f811919a17ff1acb63b7cec&amp;language=de_DE&amp;ref_=as_li_ss_tl\">Rollen f\u00fcr Schiebet\u00fcr<\/a><\/strong><\/p>\n<\/div><figure class=\"wp-block-media-text__media\"><img decoding=\"async\" src=\"https:\/\/spielhaus-bauplan.de\/wp-content\/uploads\/2024\/05\/Rollen-uer-Schiebetuer-1024x696.png\" alt=\"\" class=\"wp-image-481 size-full\"\/><\/figure><\/div>\n\n\n\n<hr class=\"wp-block-separator has-alpha-channel-opacity\"\/>\n\n\n\n<div class=\"wp-block-media-text has-media-on-the-right is-stacked-on-mobile\"><div class=\"wp-block-media-text__content\">\n<p><strong><a href=\"https:\/\/www.amazon.de\/s?k=flaschenzug+kinder&amp;__mk_de_DE=%C3%85M%C3%85%C5%BD%C3%95%C3%91&amp;crid=2WR8AYS1I7P7N&amp;sprefix=flaschenzug+kinder%2Caps%2C91&amp;linkCode=ll2&amp;tag=spielhausb07b-21&amp;linkId=4c5cd1f4869fe81f7989c18642b59338&amp;language=de_DE&amp;ref_=as_li_ss_tl\">Flaschenzug<\/a><\/strong><\/p>\n<\/div><figure class=\"wp-block-media-text__media\"><img decoding=\"async\" src=\"https:\/\/spielhaus-bauplan.de\/wp-content\/uploads\/2024\/05\/Flaschenzug-1024x676.png\" alt=\"\" class=\"wp-image-483 size-full\"\/><\/figure><\/div>\n\n\n\n<hr class=\"wp-block-separator has-alpha-channel-opacity\"\/>\n\n\n\n<div class=\"wp-block-media-text has-media-on-the-right is-stacked-on-mobile\"><div class=\"wp-block-media-text__content\">\n<p><a href=\"https:\/\/www.amazon.de\/s?k=periskop+kinder&amp;__mk_de_DE=%C3%85M%C3%85%C5%BD%C3%95%C3%91&amp;crid=3BNRXG5SJ0XBM&amp;sprefix=periskop+kinder%2Caps%2C95&amp;linkCode=ll2&amp;tag=spielhausb07b-21&amp;linkId=0a88fc767ab009febf0539b75b3fdada&amp;language=de_DE&amp;ref_=as_li_ss_tl\"><strong>Periskop<\/strong><\/a><\/p>\n<\/div><figure class=\"wp-block-media-text__media\"><img decoding=\"async\" src=\"https:\/\/spielhaus-bauplan.de\/wp-content\/uploads\/2024\/05\/Periskop-1024x698.png\" alt=\"\" class=\"wp-image-484 size-full\"\/><\/figure><\/div>\n\n\n\n<hr class=\"wp-block-separator has-alpha-channel-opacity\"\/>\n\n\n\n<div class=\"wp-block-media-text has-media-on-the-right is-stacked-on-mobile\"><div class=\"wp-block-media-text__content\">\n<p><a href=\"https:\/\/www.amazon.de\/s?k=piratenlenkrad&amp;__mk_de_DE=%C3%85M%C3%85%C5%BD%C3%95%C3%91&amp;crid=35Y2H518ICV85&amp;sprefix=piratenlenkrad%2Caps%2C95&amp;linkCode=ll2&amp;tag=spielhausb07b-21&amp;linkId=3b2c5c2a1c9698b3f27714498ed2b94a&amp;language=de_DE&amp;ref_=as_li_ss_tl\"><strong>Piratenlenkrad<\/strong><\/a><\/p>\n<\/div><figure class=\"wp-block-media-text__media\"><img decoding=\"async\" src=\"https:\/\/spielhaus-bauplan.de\/wp-content\/uploads\/2024\/05\/Piraten-Lenkrad-1024x671.png\" alt=\"\" class=\"wp-image-486 size-full\"\/><\/figure><\/div>\n\n\n\n<hr class=\"wp-block-separator has-alpha-channel-opacity\"\/>\n","protected":false},"excerpt":{"rendered":"<p>Um Ihnen die Suche nach dem Zubeh\u00f6r f\u00fcr Ihr Spielhaus zu erleichtern, finden Sie hier Artikel und Zubeh\u00f6r rund um das Thema &#8222;Spielhaus&#8220;. Somit haben Sie eine kleine Auswahl, und m\u00fcssen sich nicht lange mit der Suche besch\u00e4ftigen. Die nachfolgenden Links sind sogenannte Affiliate-Links. Wenn Sie auf so einen Affiliate-Link klicken und \u00fcber diesen Link [&hellip;]<\/p>\n","protected":false},"author":1,"featured_media":0,"parent":0,"menu_order":0,"comment_status":"closed","ping_status":"closed","template":"","meta":{"footnotes":""},"class_list":["post-348","page","type-page","status-publish","hentry"],"_links":{"self":[{"href":"https:\/\/spielhaus-bauplan.de\/index.php?rest_route=\/wp\/v2\/pages\/348","targetHints":{"allow":["GET"]}}],"collection":[{"href":"https:\/\/spielhaus-bauplan.de\/index.php?rest_route=\/wp\/v2\/pages"}],"about":[{"href":"https:\/\/spielhaus-bauplan.de\/index.php?rest_route=\/wp\/v2\/types\/page"}],"author":[{"embeddable":true,"href":"https:\/\/spielhaus-bauplan.de\/index.php?rest_route=\/wp\/v2\/users\/1"}],"replies":[{"embeddable":true,"href":"https:\/\/spielhaus-bauplan.de\/index.php?rest_route=%2Fwp%2Fv2%2Fcomments&post=348"}],"version-history":[{"count":10,"href":"https:\/\/spielhaus-bauplan.de\/index.php?rest_route=\/wp\/v2\/pages\/348\/revisions"}],"predecessor-version":[{"id":510,"href":"https:\/\/spielhaus-bauplan.de\/index.php?rest_route=\/wp\/v2\/pages\/348\/revisions\/510"}],"wp:attachment":[{"href":"https:\/\/spielhaus-bauplan.de\/index.php?rest_route=%2Fwp%2Fv2%2Fmedia&parent=348"}],"curies":[{"name":"wp","href":"https:\/\/api.w.org\/{rel}","templated":true}]}}