{"id":422,"date":"2024-04-08T08:47:17","date_gmt":"2024-04-08T06:47:17","guid":{"rendered":"https:\/\/spielhaus-bauplan.de\/?post_type=product&#038;p=422"},"modified":"2024-04-08T08:58:31","modified_gmt":"2024-04-08T06:58:31","slug":"bauplan-fuer-das-spielhaus-lasse-pdf","status":"publish","type":"product","link":"https:\/\/spielhaus-bauplan.de\/?product=bauplan-fuer-das-spielhaus-lasse-pdf","title":{"rendered":"PDF &#8211; Bauplan f\u00fcr das Spielhaus &#8222;LASSE&#8220;"},"content":{"rendered":"<p class=\"p2\"><strong><span class=\"s2\">Das Spielhaus &#8222;LASSE&#8220; ist ein kleineres Spielhaus und ist damit f\u00fcr kleinere G\u00e4rten bestens geeignet, da die Grundfl\u00e4che des Hauses (ohne Schaukel) nur 1,50m x 2,40m misst. Die Schaukel l\u00e4dt dann nochmals etwa 1,20 m aus. Somit findet sich in den meisten G\u00e4rten ein passende Ecke.<\/span><\/strong><\/p>\n<p class=\"p2\"><span class=\"s2\">Alle Arbeitsschritte werden ausf\u00fchrlich erkl\u00e4rt und sind durchgehend bebildert. Hierbei kam ein hochmodernes CAD-Zeichenprogramm zum Einsatz, um eine genaue Berechnung der einzelnen L\u00e4ngen zu erm\u00f6glichen und eine detailreiche Anleitung zu erhalten. <\/span><span class=\"s2\">Das Haus ist sehr stabil konstruiert und bietet mit der Schaukel, der ebenerdigen Terrasse und dem gem\u00fctlichen Innenraum tolle Spielm\u00f6glichkeiten. <\/span><span class=\"s2\">Dieses Spielhaus eignet sich besonders f\u00fcr kleinere Kinder, da man auf Grund der ebenerdigen Bauweise keine Angst vor St\u00fcrzen haben muss. <\/span><span class=\"s2\">Somit ist dieses tolle H\u00e4uschen von jedem Heimwerker problemlos nachzubauen.<\/span><\/p>\n<p class=\"p3\"><span class=\"s2\">Es werden alle ben\u00f6tigten Ma\u00dfe und L\u00e4ngen ausf\u00fchrlich angegeben.\u00a0<\/span><\/p>\n<p class=\"p3\"><span class=\"s2\">Ebenfalls ist eine detaillierte\u00a0Einkaufsliste mit allen ben\u00f6tigten\u00a0Materialien\u00a0dabei.<\/span><span class=\"s3\"><br \/>\n<\/span><\/p>\n<hr \/>\n<p class=\"p4\"><span class=\"s4\">Ma\u00dfe Spielhaus &#8222;LASSE&#8220;:<\/span><\/p>\n<p class=\"p4\"><span class=\"s5\">Breite Haus: 1,50 m<\/span><\/p>\n<p class=\"p4\"><span class=\"s5\">L\u00e4nge Haus: 2,40 m<\/span><\/p>\n<p class=\"p4\"><span class=\"s5\">H\u00f6he gesamt: 2,14 m<\/span><\/p>\n<p class=\"p4\"><span class=\"s5\">Grundfl\u00e4che Terrasse: 0,8\u00a0m\u00a0x 1,5 m<\/span><\/p>\n<hr \/>\n<p class=\"p4\"><strong><span class=\"s1\">Es werden f\u00fcr den Bau keine Spezialwerkzeuge ben\u00f6tigt.<\/span><\/strong><\/p>\n<p class=\"p4\"><span class=\"s5\">Kosten f\u00fcr den Bau des Spielhauses: ca. 300\u20ac<\/span><\/p>\n<p class=\"p4\"><span class=\"s5\">Zeitaufwand: ca. 20 Stunden<\/span><\/p>\n","protected":false},"excerpt":{"rendered":"<p>Ausf\u00fchrlicher, durchgehend bebilderter Bauplan f\u00fcr das Spielhaus &#8222;LASSE&#8220;.<\/p>\n","protected":false},"featured_media":426,"comment_status":"open","ping_status":"closed","template":"","meta":[],"product_brand":[],"product_cat":[25],"product_tag":[],"class_list":{"0":"post-422","1":"product","2":"type-product","3":"status-publish","4":"has-post-thumbnail","6":"product_cat-bauplaene","8":"first","9":"instock","10":"downloadable","11":"shipping-taxable","12":"purchasable","13":"product-type-simple"},"_links":{"self":[{"href":"https:\/\/spielhaus-bauplan.de\/index.php?rest_route=\/wp\/v2\/product\/422","targetHints":{"allow":["GET"]}}],"collection":[{"href":"https:\/\/spielhaus-bauplan.de\/index.php?rest_route=\/wp\/v2\/product"}],"about":[{"href":"https:\/\/spielhaus-bauplan.de\/index.php?rest_route=\/wp\/v2\/types\/product"}],"replies":[{"embeddable":true,"href":"https:\/\/spielhaus-bauplan.de\/index.php?rest_route=%2Fwp%2Fv2%2Fcomments&post=422"}],"wp:featuredmedia":[{"embeddable":true,"href":"https:\/\/spielhaus-bauplan.de\/index.php?rest_route=\/wp\/v2\/media\/426"}],"wp:attachment":[{"href":"https:\/\/spielhaus-bauplan.de\/index.php?rest_route=%2Fwp%2Fv2%2Fmedia&parent=422"}],"wp:term":[{"taxonomy":"product_brand","embeddable":true,"href":"https:\/\/spielhaus-bauplan.de\/index.php?rest_route=%2Fwp%2Fv2%2Fproduct_brand&post=422"},{"taxonomy":"product_cat","embeddable":true,"href":"https:\/\/spielhaus-bauplan.de\/index.php?rest_route=%2Fwp%2Fv2%2Fproduct_cat&post=422"},{"taxonomy":"product_tag","embeddable":true,"href":"https:\/\/spielhaus-bauplan.de\/index.php?rest_route=%2Fwp%2Fv2%2Fproduct_tag&post=422"}],"curies":[{"name":"wp","href":"https:\/\/api.w.org\/{rel}","templated":true}]}}