{"id":428,"date":"2024-04-08T09:23:13","date_gmt":"2024-04-08T07:23:13","guid":{"rendered":"https:\/\/spielhaus-bauplan.de\/?post_type=product&#038;p=428"},"modified":"2024-04-11T14:00:02","modified_gmt":"2024-04-11T12:00:02","slug":"pdf-bauplan-fuer-den-kaufmannsladen-jannik","status":"publish","type":"product","link":"https:\/\/spielhaus-bauplan.de\/?product=pdf-bauplan-fuer-den-kaufmannsladen-jannik","title":{"rendered":"PDF &#8211; Bauplan f\u00fcr den Kaufmannsladen &#8222;JANNIK&#8220;"},"content":{"rendered":"<p>Die Anleitung ist wie gewohnt ausf\u00fchrlich und\u00a0 bietet auch Laien die M\u00f6glichkeit ein tolles Einzelst\u00fcck anzufertigen. Es sind alle Arbeitsschritte ausf\u00fchrlich erkl\u00e4rt und durchgehend bebildert.<\/p>\n<p>Ihre Kinder werden das Spielen in diesen tollen Kaufmannsladen lieben.<\/p>\n<hr \/>\n<p><span style=\"font-weight: bold; text-decoration: underline;\">Unser Anspruch an den Kaufmannsladen:<\/span><\/p>\n<p><span style=\"font-weight: normal; text-decoration: none;\">Stabile und standsichere Bauweise<\/span><\/p>\n<p><span style=\"font-weight: normal; text-decoration: none;\">M\u00f6glichkeiten der Individualisierung\u00a0 (Farbe \/ Formen)<\/span><\/p>\n<p><span style=\"font-weight: normal; text-decoration: none;\">Ausreichend Stauraum<\/span><\/p>\n<p><span style=\"font-weight: normal; text-decoration: none;\">R\u00fcckteil platzsparend zerlegbar<\/span><\/p>\n<hr \/>\n<p><span style=\"font-weight: bold; text-decoration: underline;\">Ma\u00dfe des Kaufmannsladens: <\/span><\/p>\n<p>Grundfl\u00e4che: 1,2 x 0,8 Meter<\/p>\n<p>H\u00f6he: 1,30 Meter<\/p>\n<p><strong>Es werden f\u00fcr den Bau keine Spezialwerkzeuge\u00a0 ben\u00f6tig<\/strong>t.<\/p>\n<hr \/>\n<p style=\"text-align: justify;\"><span style=\"font-weight: bold; font-style: normal; text-decoration: underline;\">Sonstiges:<\/span><\/p>\n<p><span style=\"font-weight: normal; font-style: normal; text-decoration: none;\">Materialkosten: <\/span><span style=\"font-weight: normal; font-style: italic; text-decoration: none;\">ca. 60\u20ac<\/span><\/p>\n<p><span style=\"font-weight: normal; font-style: normal; text-decoration: none;\">Zeitaufwand:<\/span><span style=\"font-weight: normal; font-style: italic; text-decoration: none;\"> ca. 5 Stunden<\/span><\/p>\n<p><span style=\"font-weight: normal; font-style: normal; text-decoration: none;\">Schwierigkeitsgrad: <\/span><span style=\"font-weight: normal; font-style: italic; text-decoration: none;\">2 von 10\u00a0\u00a0<\/span><\/p>\n<p>&nbsp;<\/p>\n","protected":false},"excerpt":{"rendered":"<p>Ausf\u00fchrlicher Bauplan f\u00fcr den Bau eines einmaligen Kaumannsladens.<\/p>\n","protected":false},"featured_media":438,"comment_status":"open","ping_status":"closed","template":"","meta":[],"product_brand":[],"product_cat":[23],"product_tag":[],"class_list":{"0":"post-428","1":"product","2":"type-product","3":"status-publish","4":"has-post-thumbnail","6":"product_cat-unkategorisiert","8":"first","9":"instock","10":"downloadable","11":"shipping-taxable","12":"purchasable","13":"product-type-simple"},"_links":{"self":[{"href":"https:\/\/spielhaus-bauplan.de\/index.php?rest_route=\/wp\/v2\/product\/428","targetHints":{"allow":["GET"]}}],"collection":[{"href":"https:\/\/spielhaus-bauplan.de\/index.php?rest_route=\/wp\/v2\/product"}],"about":[{"href":"https:\/\/spielhaus-bauplan.de\/index.php?rest_route=\/wp\/v2\/types\/product"}],"replies":[{"embeddable":true,"href":"https:\/\/spielhaus-bauplan.de\/index.php?rest_route=%2Fwp%2Fv2%2Fcomments&post=428"}],"wp:featuredmedia":[{"embeddable":true,"href":"https:\/\/spielhaus-bauplan.de\/index.php?rest_route=\/wp\/v2\/media\/438"}],"wp:attachment":[{"href":"https:\/\/spielhaus-bauplan.de\/index.php?rest_route=%2Fwp%2Fv2%2Fmedia&parent=428"}],"wp:term":[{"taxonomy":"product_brand","embeddable":true,"href":"https:\/\/spielhaus-bauplan.de\/index.php?rest_route=%2Fwp%2Fv2%2Fproduct_brand&post=428"},{"taxonomy":"product_cat","embeddable":true,"href":"https:\/\/spielhaus-bauplan.de\/index.php?rest_route=%2Fwp%2Fv2%2Fproduct_cat&post=428"},{"taxonomy":"product_tag","embeddable":true,"href":"https:\/\/spielhaus-bauplan.de\/index.php?rest_route=%2Fwp%2Fv2%2Fproduct_tag&post=428"}],"curies":[{"name":"wp","href":"https:\/\/api.w.org\/{rel}","templated":true}]}}