{"id":439,"date":"2024-04-11T13:56:32","date_gmt":"2024-04-11T11:56:32","guid":{"rendered":"https:\/\/spielhaus-bauplan.de\/?post_type=product&#038;p=439"},"modified":"2024-04-11T14:07:56","modified_gmt":"2024-04-11T12:07:56","slug":"usb-stick-bauplan-bauanleitung-fuer-das-spielhaus-ole-kopie","status":"publish","type":"product","link":"https:\/\/spielhaus-bauplan.de\/?product=usb-stick-bauplan-bauanleitung-fuer-das-spielhaus-ole-kopie","title":{"rendered":"USB-Stick &#8211; Bauplan Bauanleitung f\u00fcr das Spielhaus &#8222;OLE&#8220;"},"content":{"rendered":"<p><span style=\"color: #000000; font-size: large;\">Ein Bauplan, der es jedem Hobbyheimwerker erm\u00f6glicht, ein absolut einmaliges Spielhaus zu bauen.<\/span><\/p>\n<p><span style=\"color: #000000; font-size: large;\">In einer f\u00fcr diesen Zweck geschaffenen Bauanleitung wird jeder einzelne Arbeitsschritt ausf\u00fchrlich erkl\u00e4rt und mit vielen Bildern veranschaulicht.<\/span><\/p>\n<p><span style=\"color: #000000; font-size: large;\">Der Bau wird Schritt-f\u00fcr-Schritt ausf\u00fchrlich erkl\u00e4rt. Einzelne Elemente des Spielhauses k\u00f6nnen w\u00e4hrend des Baus auch ge\u00e4ndert und individualisiert werden. (Kletternetz, Schaukelbalken, Sandkasten etc.)<\/span><\/p>\n<hr \/>\n<p><span style=\"color: #000000;\"><strong><span style=\"font-size: large;\">Sie erhalten eine 80-seitige Bauanleitung sowie \u00fcber 100 Detailaufnahmen und Bezugsadressen als Set auf USB-Stick zu Ihnen nach Hause.\u00a0<\/span><\/strong><\/span><\/p>\n<p><span style=\"color: #000000; font-family: Arial; font-size: large;\"><b>Auch wenn das Spielhaus sehr komplex aussieht, ist es dank des ausf\u00fchrlich illustrierten Bauplanes f\u00fcr einen Heimwerker kein Problem, das Spielhaus nachzubauen.<\/b><\/span><\/p>\n<hr \/>\n<p><span style=\"color: #000000; font-family: Arial; font-size: large;\"><b><u>Unser Anspruch an den Bauplan und das Haus:<\/u><\/b><\/span><\/p>\n<p><span style=\"color: #000000; font-family: Arial; font-size: large;\">&#8222;Super Optik, maximale Spielm\u00f6glichkeiten, trotzdem einfacher Bau!&#8220;<\/span><\/p>\n<p><span style=\"color: #000000; font-family: Arial; font-size: large;\">&#8222;Kein Spielhaus im 0815-Look, stattdessen\u00a0extravagant\u00a0und ausgefallen!&#8220;<\/span><\/p>\n<p><span style=\"color: #000000; font-family: Arial; font-size: large;\">&#8222;Genug Platz um\u00a0mehrere\u00a0Kinder zu beherbergen!&#8220;<\/span><\/p>\n<p><span style=\"color: #000000; font-family: Arial; font-size: large;\">&#8222;Vielf\u00e4ltige Spiel- und Besch\u00e4ftigungsm\u00f6glichkeiten. So zum Beispiel:<\/span><\/p>\n<p><span style=\"color: #000000; font-family: Arial; font-size: large;\"> &#8211; Kletternetz zum austoben (wird selbst gekn\u00fcpft, ebenfalls ausf\u00fchrlich erkl\u00e4rt)<\/span><\/p>\n<p><span style=\"color: #000000; font-family: Arial; font-size: large;\"> &#8211; Rutsche f\u00fcr eine schnelle &#8222;Abfahrt&#8220;<\/span><\/p>\n<p><span style=\"color: #000000; font-family: Arial; font-size: large;\"> &#8211; Sandkasten mit\u00a0integrierter\u00a0Spielzeugkiste<\/span><\/p>\n<p><span style=\"color: #000000; font-family: Arial; font-size: large;\"> &#8211; Schaukelteller mit Knotentau<\/span><\/p>\n<p><span style=\"color: #000000; font-family: Arial; font-size: large;\"> &#8211; Gut begehbare\u00a0Terrasse<\/span><\/p>\n<p><span style=\"color: #000000; font-family: Arial; font-size: large;\"> &#8211; Einfacher Zugang zum Haus \u00fcber massive Treppe (KEINE LEITER!!!)<\/span><\/p>\n<p><span style=\"color: #000000; font-family: Arial; font-size: large;\"> &#8211; Gut begehbare Eingangst\u00fcr<\/span><\/p>\n<p><span style=\"color: #000000; font-family: Arial; font-size: large;\"> &#8211; Gen\u00fcgend Platz im Inneren. (bis zu 4 Kinder k\u00f6nnen darin \u00fcbernachten!)<\/span><\/p>\n<hr \/>\n<p style=\"font-weight: 400;\"><span style=\"color: #000000;\"><u><strong>Ma\u00dfe des Spielhauses:<\/strong><\/u><\/span><\/p>\n<p style=\"font-weight: 400;\"><span style=\"color: #000000;\">Gesamtgrundfl\u00e4che 3 x 2 Meter<\/span><\/p>\n<p style=\"font-weight: 400;\"><span style=\"color: #000000;\">Podestgrundfl\u00e4che: 2 x 2 Meter<\/span><\/p>\n<p style=\"font-weight: 400;\"><span style=\"color: #000000;\">Podesth\u00f6he:\u00a0ca.\u00a01,35 Meter<\/span><\/p>\n<p style=\"font-weight: 400;\"><span style=\"color: #000000;\">Grundfl\u00e4che Haus: 1,3 x 2 Meter<\/span><\/p>\n<p style=\"font-weight: 400;\"><span style=\"color: #000000;\">Grundfl\u00e4che\u00a0Terrasse: 0,7 x 2 Meter<\/span><\/p>\n<p style=\"font-weight: 400;\"><span style=\"color: #000000;\">H\u00f6he Haus: 1,75 Meter (bis Dachfirst)<\/span><\/p>\n<p style=\"font-weight: 400;\"><span style=\"color: #000000;\">Gesamth\u00f6he des Hauses: 3,10 Meter<\/span><\/p>\n<hr \/>\n<p style=\"font-weight: 400;\"><span style=\"color: #000000;\"><strong><u>Baukosten:<\/u><\/strong><\/span><\/p>\n<p style=\"font-weight: 400;\"><span style=\"color: #000000;\">Kosten f\u00fcr Holz, Schrauben und s\u00e4mtliche ben\u00f6tigte Materialien: ca. 650\u20ac<\/span><\/p>\n<p style=\"font-weight: 400;\"><span style=\"color: #000000;\">Schaukelteller und Rutsche m\u00fcssen extra gekauft werden, falls diese ben\u00f6tigt werden.<\/span><\/p>\n<p style=\"font-weight: 400;\"><span style=\"color: #000000;\">Das Gesamte Material kann im Baumarkt gekauft werden.\u00a0<\/span><\/p>\n<p style=\"font-weight: 400;\"><span style=\"color: #000000;\">Sie kaufen also eine qualitativ hochwertige Bauanleitung, welche Ihnen den Bau des gezeigten Spielhauses problemlos erm\u00f6glicht.<\/span><\/p>\n<hr \/>\n<p style=\"font-weight: 400;\"><span style=\"color: #000000;\"><em>ACHTUNG! Die Anleitung ist urheberrechtlich gesch\u00fctzt und darf weder vervielf\u00e4ltigt noch weiterverkauft werden! Jede Anleitung ist mit einem pers\u00f6nlichen Code versehen. Zuwiderhandlungen gegen urheberrechtliche\u00a0Verletzungen\u00a0werden strafrechtlich verfolgt!<\/em><\/span><\/p>\n","protected":false},"excerpt":{"rendered":"<p>Ausf\u00fchrlicher Bauplan f\u00fcr das Spielhaus &#8222;OLE&#8220; auf USB-Stick inkl. Materialliste, Farbkarten und Bezugsadressen.<\/p>\n","protected":false},"featured_media":179,"comment_status":"open","ping_status":"closed","template":"","meta":[],"product_brand":[],"product_cat":[25],"product_tag":[],"class_list":{"0":"post-439","1":"product","2":"type-product","3":"status-publish","4":"has-post-thumbnail","6":"product_cat-bauplaene","8":"first","9":"instock","10":"shipping-taxable","11":"purchasable","12":"product-type-simple"},"_links":{"self":[{"href":"https:\/\/spielhaus-bauplan.de\/index.php?rest_route=\/wp\/v2\/product\/439","targetHints":{"allow":["GET"]}}],"collection":[{"href":"https:\/\/spielhaus-bauplan.de\/index.php?rest_route=\/wp\/v2\/product"}],"about":[{"href":"https:\/\/spielhaus-bauplan.de\/index.php?rest_route=\/wp\/v2\/types\/product"}],"replies":[{"embeddable":true,"href":"https:\/\/spielhaus-bauplan.de\/index.php?rest_route=%2Fwp%2Fv2%2Fcomments&post=439"}],"wp:featuredmedia":[{"embeddable":true,"href":"https:\/\/spielhaus-bauplan.de\/index.php?rest_route=\/wp\/v2\/media\/179"}],"wp:attachment":[{"href":"https:\/\/spielhaus-bauplan.de\/index.php?rest_route=%2Fwp%2Fv2%2Fmedia&parent=439"}],"wp:term":[{"taxonomy":"product_brand","embeddable":true,"href":"https:\/\/spielhaus-bauplan.de\/index.php?rest_route=%2Fwp%2Fv2%2Fproduct_brand&post=439"},{"taxonomy":"product_cat","embeddable":true,"href":"https:\/\/spielhaus-bauplan.de\/index.php?rest_route=%2Fwp%2Fv2%2Fproduct_cat&post=439"},{"taxonomy":"product_tag","embeddable":true,"href":"https:\/\/spielhaus-bauplan.de\/index.php?rest_route=%2Fwp%2Fv2%2Fproduct_tag&post=439"}],"curies":[{"name":"wp","href":"https:\/\/api.w.org\/{rel}","templated":true}]}}